{"id":104,"date":"2011-12-24T07:11:09","date_gmt":"2011-12-24T06:11:09","guid":{"rendered":"http:\/\/www.pikal.at\/wordpress\/?page_id=104"},"modified":"2011-12-24T11:41:22","modified_gmt":"2011-12-24T10:41:22","slug":"wo-ist-weihnacht","status":"publish","type":"page","link":"https:\/\/www.pikal.at\/wordpress\/?page_id=104","title":{"rendered":"Wo ist Weihnacht?"},"content":{"rendered":"<p>Wo ist Weihnacht, jene Stimmung<br \/>\ndie als Kinder wir gekannt<br \/>\nwo die Sehnsucht, die Erwartung<br \/>\nund das winterwei\u00dfe Land?<\/p>\n<p>Wo die stille Vorbereitung<br \/>\nund die Heimlichtuerei<br \/>\nhinter den verschlossnen T\u00fcren;<br \/>\nist das alles l\u00e4ngst vorbei?<\/p>\n<p>Gr\u00fcne Felder gr\u00fcne Wiesen<br \/>\nnirgendwo ein Fleckchen Schnee<br \/>\nPrimeln bl\u00fchen schon im Garten.<br \/>\nWei\u00dfe Weihnacht ist passe?<\/p>\n<p>Weihnachtslieder allerorten<br \/>\nStra\u00dfen schm\u00fcckt ein Lichtermeer,<br \/>\nalle rennen, hetzen, suchen<br \/>\ndoch die Herzen bleiben leer.<\/p>\n<p>Und dann tanzen Flocken nieder<br \/>\nWald und Wiesen sind verschneit.<br \/>\nLeise regt es sich im Herzen<br \/>\nfast wie in der Kinderzeit.<\/p>\n<p>Jenes Hoffen, jene Freude<br \/>\ndie man niemals mehr vergi\u00dft<br \/>\nwird auch heut noch der empfinden<br \/>\nder ein Kind geblieben ist.<\/p>\n<p style=\"text-align: center;\">Doris Pikal<\/p>\n","protected":false},"excerpt":{"rendered":"<p>Wo ist Weihnacht, jene Stimmung die als Kinder wir gekannt wo die Sehnsucht, die Erwartung und das winterwei\u00dfe Land? Wo die stille Vorbereitung und die Heimlichtuerei hinter den verschlossnen T\u00fcren; ist das alles l\u00e4ngst vorbei? Gr\u00fcne Felder gr\u00fcne Wiesen nirgendwo &hellip; <a href=\"https:\/\/www.pikal.at\/wordpress\/?page_id=104\">Weiterlesen <span class=\"meta-nav\">&rarr;<\/span><\/a><\/p>\n","protected":false},"author":1,"featured_media":0,"parent":52,"menu_order":0,"comment_status":"closed","ping_status":"open","template":"","meta":{"footnotes":""},"class_list":["post-104","page","type-page","status-publish","hentry"],"_links":{"self":[{"href":"https:\/\/www.pikal.at\/wordpress\/index.php?rest_route=\/wp\/v2\/pages\/104","targetHints":{"allow":["GET"]}}],"collection":[{"href":"https:\/\/www.pikal.at\/wordpress\/index.php?rest_route=\/wp\/v2\/pages"}],"about":[{"href":"https:\/\/www.pikal.at\/wordpress\/index.php?rest_route=\/wp\/v2\/types\/page"}],"author":[{"embeddable":true,"href":"https:\/\/www.pikal.at\/wordpress\/index.php?rest_route=\/wp\/v2\/users\/1"}],"replies":[{"embeddable":true,"href":"https:\/\/www.pikal.at\/wordpress\/index.php?rest_route=%2Fwp%2Fv2%2Fcomments&post=104"}],"version-history":[{"count":2,"href":"https:\/\/www.pikal.at\/wordpress\/index.php?rest_route=\/wp\/v2\/pages\/104\/revisions"}],"predecessor-version":[{"id":152,"href":"https:\/\/www.pikal.at\/wordpress\/index.php?rest_route=\/wp\/v2\/pages\/104\/revisions\/152"}],"up":[{"embeddable":true,"href":"https:\/\/www.pikal.at\/wordpress\/index.php?rest_route=\/wp\/v2\/pages\/52"}],"wp:attachment":[{"href":"https:\/\/www.pikal.at\/wordpress\/index.php?rest_route=%2Fwp%2Fv2%2Fmedia&parent=104"}],"curies":[{"name":"wp","href":"https:\/\/api.w.org\/{rel}","templated":true}]}}