{"id":333,"date":"2014-01-01T13:20:12","date_gmt":"2014-01-01T12:20:12","guid":{"rendered":"http:\/\/www.pikal.at\/wordpress\/?page_id=333"},"modified":"2014-01-01T13:20:12","modified_gmt":"2014-01-01T12:20:12","slug":"blick-nach-vorne","status":"publish","type":"page","link":"https:\/\/www.pikal.at\/wordpress\/?page_id=333","title":{"rendered":"Blick nach vorne"},"content":{"rendered":"<p>Das alte Jahr ist nun vorbei<br \/>\nMit Abenteuern mancherlei<br \/>\nStunden voll Z\u00e4rtlichkeit und Gl\u00fcck<br \/>\nDoch blick nicht wehmutsvoll zur\u00fcck<\/p>\n<p>Vergangn`es ist Vergangenheit<br \/>\nVor dir liegt eine neue Zeit<br \/>\nEin neues Jahr \u2013 ein neues Gl\u00fcck<br \/>\nUnd darauf richte deinen Blick<\/p>\n<p>Auf deine Zukunft stimm dich ein`<br \/>\ndenn du wirst ihr Gestalter sein<br \/>\nganz still und rein liegt sie vor dir<br \/>\nwie unbeschriebenes Papier<\/p>\n<p>N\u00fctz dein Talent und deine Kraft<br \/>\nHilf jenen, deren Mut\u00a0 erschlafft<br \/>\nRichte sie auf auf ihren Wegen<br \/>\nSo wird das neue Jahr voll Segen<\/p>\n<p>Doris Pikal<\/p>\n","protected":false},"excerpt":{"rendered":"<p>Das alte Jahr ist nun vorbei Mit Abenteuern mancherlei Stunden voll Z\u00e4rtlichkeit und Gl\u00fcck Doch blick nicht wehmutsvoll zur\u00fcck Vergangn`es ist Vergangenheit Vor dir liegt eine neue Zeit Ein neues Jahr \u2013 ein neues Gl\u00fcck Und darauf richte deinen Blick &hellip; <a href=\"https:\/\/www.pikal.at\/wordpress\/?page_id=333\">Weiterlesen <span class=\"meta-nav\">&rarr;<\/span><\/a><\/p>\n","protected":false},"author":2,"featured_media":0,"parent":54,"menu_order":0,"comment_status":"closed","ping_status":"open","template":"","meta":{"footnotes":""},"class_list":["post-333","page","type-page","status-publish","hentry"],"_links":{"self":[{"href":"https:\/\/www.pikal.at\/wordpress\/index.php?rest_route=\/wp\/v2\/pages\/333","targetHints":{"allow":["GET"]}}],"collection":[{"href":"https:\/\/www.pikal.at\/wordpress\/index.php?rest_route=\/wp\/v2\/pages"}],"about":[{"href":"https:\/\/www.pikal.at\/wordpress\/index.php?rest_route=\/wp\/v2\/types\/page"}],"author":[{"embeddable":true,"href":"https:\/\/www.pikal.at\/wordpress\/index.php?rest_route=\/wp\/v2\/users\/2"}],"replies":[{"embeddable":true,"href":"https:\/\/www.pikal.at\/wordpress\/index.php?rest_route=%2Fwp%2Fv2%2Fcomments&post=333"}],"version-history":[{"count":2,"href":"https:\/\/www.pikal.at\/wordpress\/index.php?rest_route=\/wp\/v2\/pages\/333\/revisions"}],"predecessor-version":[{"id":335,"href":"https:\/\/www.pikal.at\/wordpress\/index.php?rest_route=\/wp\/v2\/pages\/333\/revisions\/335"}],"up":[{"embeddable":true,"href":"https:\/\/www.pikal.at\/wordpress\/index.php?rest_route=\/wp\/v2\/pages\/54"}],"wp:attachment":[{"href":"https:\/\/www.pikal.at\/wordpress\/index.php?rest_route=%2Fwp%2Fv2%2Fmedia&parent=333"}],"curies":[{"name":"wp","href":"https:\/\/api.w.org\/{rel}","templated":true}]}}