{"id":52,"date":"2011-12-24T06:21:14","date_gmt":"2011-12-24T05:21:14","guid":{"rendered":"http:\/\/www.pikal.at\/wordpress\/?page_id=52"},"modified":"2015-01-17T10:08:42","modified_gmt":"2015-01-17T09:08:42","slug":"winterzeit-weihnachtszeit","status":"publish","type":"page","link":"https:\/\/www.pikal.at\/wordpress\/?page_id=52","title":{"rendered":"Winterzeit &#8211; Weihnachtszeit"},"content":{"rendered":"<p>Als Handelsangestellte bemerkte ich, dass der urspr\u00fcngliche Sinn des Weihnachtsfestes immer mehr in den Hintergrund r\u00fcckte. Mit kleinen Gedichten und Kurzgeschichten die ich vor Weihnachten an Kunden verteilte, versuchte ich den Geist des Weihnachtsfestes wieder in den Mittelpunkt zu r\u00fccken. Ich begann mit einer handvoll Gedichten. Wegen des positiven Echos erh\u00f6hte sich die St\u00fcckzahl von Jahr zu Jahr bis auf 5oo. \u00dcber einen Zeitraum von zwanzig Jahren hielt ich diese Aktivit\u00e4t aufrecht. Eine meiner Weihnachtsgeschichten kam einem Verleger in die Hand, der daraufhin mit mir Kontakt aufnahm. Damit war der Weg zu meinem ersten Buch war geebnet, dem bislang vier weitere folgten.<\/p>\n<ul>\n<li>Das Weihnachtslicht<\/li>\n<li>Das Weihnachtssingen<\/li>\n<li>Der Nachweihnachtsschock<\/li>\n<li>Die Ballade vom Uten Weisen<\/li>\n<li>Die neue Sch\u00fcrze<\/li>\n<li><a title=\"Die Waschk\u00fcchenweihnacht\" href=\"https:\/\/www.pikal.at\/wordpress\/?page_id=106\">Die Waschk\u00fcchenweihnacht<\/a><\/li>\n<li>Engelhaar<\/li>\n<li>Es wird immer wieder Weihnacht<\/li>\n<li>Herbergsuche in der heutigen Zeit<\/li>\n<li>Motivation einer Hausmeisterin<\/li>\n<li>Nimm da Zeit<\/li>\n<li>Sylvester mit Knalleffekt<\/li>\n<li>Verhei\u00dfung auf Weihnachten<\/li>\n<li>Was du mir schenkst<\/li>\n<li>Was soll ich Dir schenken<\/li>\n<li><a title=\"Weihnachtssegen\" href=\"https:\/\/www.pikal.at\/wordpress\/?page_id=121\">Weihnachtssegen<\/a><\/li>\n<li><a title=\"Wo ist Weihnacht?\" href=\"https:\/\/www.pikal.at\/wordpress\/?page_id=104\">Wo ist Weihnacht<\/a><\/li>\n<\/ul>\n","protected":false},"excerpt":{"rendered":"<p>Als Handelsangestellte bemerkte ich, dass der urspr\u00fcngliche Sinn des Weihnachtsfestes immer mehr in den Hintergrund r\u00fcckte. Mit kleinen Gedichten und Kurzgeschichten die ich vor Weihnachten an Kunden verteilte, versuchte ich den Geist des Weihnachtsfestes wieder in den Mittelpunkt zu r\u00fccken. &hellip; <a href=\"https:\/\/www.pikal.at\/wordpress\/?page_id=52\">Weiterlesen <span class=\"meta-nav\">&rarr;<\/span><\/a><\/p>\n","protected":false},"author":1,"featured_media":0,"parent":0,"menu_order":0,"comment_status":"closed","ping_status":"open","template":"","meta":{"footnotes":""},"class_list":["post-52","page","type-page","status-publish","hentry"],"_links":{"self":[{"href":"https:\/\/www.pikal.at\/wordpress\/index.php?rest_route=\/wp\/v2\/pages\/52","targetHints":{"allow":["GET"]}}],"collection":[{"href":"https:\/\/www.pikal.at\/wordpress\/index.php?rest_route=\/wp\/v2\/pages"}],"about":[{"href":"https:\/\/www.pikal.at\/wordpress\/index.php?rest_route=\/wp\/v2\/types\/page"}],"author":[{"embeddable":true,"href":"https:\/\/www.pikal.at\/wordpress\/index.php?rest_route=\/wp\/v2\/users\/1"}],"replies":[{"embeddable":true,"href":"https:\/\/www.pikal.at\/wordpress\/index.php?rest_route=%2Fwp%2Fv2%2Fcomments&post=52"}],"version-history":[{"count":9,"href":"https:\/\/www.pikal.at\/wordpress\/index.php?rest_route=\/wp\/v2\/pages\/52\/revisions"}],"predecessor-version":[{"id":396,"href":"https:\/\/www.pikal.at\/wordpress\/index.php?rest_route=\/wp\/v2\/pages\/52\/revisions\/396"}],"wp:attachment":[{"href":"https:\/\/www.pikal.at\/wordpress\/index.php?rest_route=%2Fwp%2Fv2%2Fmedia&parent=52"}],"curies":[{"name":"wp","href":"https:\/\/api.w.org\/{rel}","templated":true}]}}