{"id":78,"date":"2011-12-24T06:51:03","date_gmt":"2011-12-24T05:51:03","guid":{"rendered":"http:\/\/www.pikal.at\/wordpress\/?page_id=78"},"modified":"2011-12-24T11:36:18","modified_gmt":"2011-12-24T10:36:18","slug":"die-raandbemerkung","status":"publish","type":"page","link":"https:\/\/www.pikal.at\/wordpress\/?page_id=78","title":{"rendered":"Die Randbemerkung"},"content":{"rendered":"<p>Die Randbemerkung<\/p>\n<p>Vergangen war schon lang die Frist,<br \/>\nWo ein Pass zu verl\u00e4ngern ist.<br \/>\nEin neuer allerdings vermehrte<br \/>\nDie Chance zu \u00e4ndern, was mich st\u00f6rte.<\/p>\n<p>Die Augenfarbe \u201cgrau\u201d war trist,<br \/>\nIch wollte, dass es anders ist.<br \/>\nZudem neigten sie ohnehin,<br \/>\nSo fand ich, mehr zu einem gr\u00fcn.<\/p>\n<p>Und weil ich unbedingt so wollte,<br \/>\nDass es im neuen Pass steh\u00b4n sollte,<br \/>\nKam ich schlie\u00dflich zu dem Schluss,<br \/>\nDass man die Farb\u00b4 betonen muss.<\/p>\n<p>Des Schminkens Technik mir bekannt,<br \/>\nHab\u00b4 ich das Auge gr\u00fcn umrahmt<br \/>\nUnd, um das farblich abzurunden,<br \/>\nEin passend Tuch mir umgebunden.<\/p>\n<p>Der Mann vom Passamt schaut genau,<br \/>\nStreicht \u201cgr\u00fcn\u201d und schreibt dr\u00fcber \u201cgrau\u201d<br \/>\nUnd teilt mir mit, ganz uncharmant:<br \/>\n\u201cGr\u00fcn ist bei Ihnen nur der Rand.\u201d<\/p>\n<p style=\"text-align: center;\">Doris Pikal<\/p>\n","protected":false},"excerpt":{"rendered":"<p>Die Randbemerkung Vergangen war schon lang die Frist, Wo ein Pass zu verl\u00e4ngern ist. Ein neuer allerdings vermehrte Die Chance zu \u00e4ndern, was mich st\u00f6rte. Die Augenfarbe \u201cgrau\u201d war trist, Ich wollte, dass es anders ist. Zudem neigten sie ohnehin, &hellip; <a href=\"https:\/\/www.pikal.at\/wordpress\/?page_id=78\">Weiterlesen <span class=\"meta-nav\">&rarr;<\/span><\/a><\/p>\n","protected":false},"author":1,"featured_media":0,"parent":54,"menu_order":0,"comment_status":"closed","ping_status":"open","template":"","meta":{"footnotes":""},"class_list":["post-78","page","type-page","status-publish","hentry"],"_links":{"self":[{"href":"https:\/\/www.pikal.at\/wordpress\/index.php?rest_route=\/wp\/v2\/pages\/78","targetHints":{"allow":["GET"]}}],"collection":[{"href":"https:\/\/www.pikal.at\/wordpress\/index.php?rest_route=\/wp\/v2\/pages"}],"about":[{"href":"https:\/\/www.pikal.at\/wordpress\/index.php?rest_route=\/wp\/v2\/types\/page"}],"author":[{"embeddable":true,"href":"https:\/\/www.pikal.at\/wordpress\/index.php?rest_route=\/wp\/v2\/users\/1"}],"replies":[{"embeddable":true,"href":"https:\/\/www.pikal.at\/wordpress\/index.php?rest_route=%2Fwp%2Fv2%2Fcomments&post=78"}],"version-history":[{"count":3,"href":"https:\/\/www.pikal.at\/wordpress\/index.php?rest_route=\/wp\/v2\/pages\/78\/revisions"}],"predecessor-version":[{"id":141,"href":"https:\/\/www.pikal.at\/wordpress\/index.php?rest_route=\/wp\/v2\/pages\/78\/revisions\/141"}],"up":[{"embeddable":true,"href":"https:\/\/www.pikal.at\/wordpress\/index.php?rest_route=\/wp\/v2\/pages\/54"}],"wp:attachment":[{"href":"https:\/\/www.pikal.at\/wordpress\/index.php?rest_route=%2Fwp%2Fv2%2Fmedia&parent=78"}],"curies":[{"name":"wp","href":"https:\/\/api.w.org\/{rel}","templated":true}]}}